{"id":13,"date":"2021-03-19T15:48:21","date_gmt":"2021-03-19T14:48:21","guid":{"rendered":"https:\/\/svatbynastareposte.cz\/formular\/?page_id=13"},"modified":"2021-03-19T18:34:01","modified_gmt":"2021-03-19T17:34:01","slug":"vytvorte-si-svuj-web-s-bloky","status":"publish","type":"page","link":"https:\/\/svatbynastareposte.cz\/formular\/","title":{"rendered":"Kontaktn\u00ed formul\u00e1\u0159"},"content":{"rendered":"\n<div class=\"wp-block-contact-form-7-contact-form-selector\"><div role=\"form\" class=\"wpcf7\" id=\"wpcf7-f6-o1\" lang=\"cs-CZ\" dir=\"ltr\">\n<div class=\"screen-reader-response\"><p role=\"status\" aria-live=\"polite\" aria-atomic=\"true\"><\/p> <ul><\/ul><\/div>\n<form action=\"\/formular\/wp-json\/wp\/v2\/pages\/13#wpcf7-f6-o1\" method=\"post\" class=\"wpcf7-form init\" novalidate=\"novalidate\" data-status=\"init\">\n<div style=\"display: none;\">\n<input type=\"hidden\" name=\"_wpcf7\" value=\"6\" \/>\n<input type=\"hidden\" name=\"_wpcf7_version\" value=\"5.5.6.1\" \/>\n<input type=\"hidden\" name=\"_wpcf7_locale\" value=\"cs_CZ\" \/>\n<input type=\"hidden\" name=\"_wpcf7_unit_tag\" value=\"wpcf7-f6-o1\" \/>\n<input type=\"hidden\" name=\"_wpcf7_container_post\" value=\"0\" \/>\n<input type=\"hidden\" name=\"_wpcf7_posted_data_hash\" value=\"\" \/>\n<\/div>\n<p><label> Jm\u00e9no a p\u0159\u00edjmen\u00ed:<br \/>\n<span class=\"wpcf7-form-control-wrap text-602\"><input type=\"text\" name=\"text-602\" value=\"\" size=\"40\" class=\"wpcf7-form-control wpcf7-text\" aria-invalid=\"false\" \/><\/span> <\/label><\/p>\n<p><label> E-mail: (povinn\u00fd \u00fadaj)<br \/>\n    <span class=\"wpcf7-form-control-wrap your-email\"><input type=\"email\" name=\"your-email\" value=\"\" size=\"40\" class=\"wpcf7-form-control wpcf7-text wpcf7-email wpcf7-validates-as-required wpcf7-validates-as-email\" aria-required=\"true\" aria-invalid=\"false\" \/><\/span> <\/label><\/p>\n<p><label> Telefon: (povinn\u00fd \u00fadaj)<br \/>\n    <span class=\"wpcf7-form-control-wrap text-603\"><input type=\"text\" name=\"text-603\" value=\"\" size=\"40\" class=\"wpcf7-form-control wpcf7-text\" aria-invalid=\"false\" \/><\/span> <\/label><\/p>\n<p><label> Term\u00edn Va\u0161\u00ed akce:<br \/>\n<span class=\"wpcf7-form-control-wrap text-97\"><input type=\"text\" name=\"text-97\" value=\"\" size=\"40\" class=\"wpcf7-form-control wpcf7-text\" aria-invalid=\"false\" placeholder=\"17.8.2024\" \/><\/span><br \/>\n<\/label><\/p>\n<p><label> P\u0159ibli\u017en\u00fd po\u010det host\u016f: (max. 70 osob) (povinn\u00fd \u00fadaj)<br \/>\n<span class=\"wpcf7-form-control-wrap number-697\"><input type=\"number\" name=\"number-697\" value=\"\" class=\"wpcf7-form-control wpcf7-number wpcf7-validates-as-number\" aria-invalid=\"false\" \/><\/span><\/label><\/p>\n<p>Druh akce:<br \/>\n<span class=\"wpcf7-form-control-wrap radio-203\"><span class=\"wpcf7-form-control wpcf7-radio s\" id=\"s\"><span class=\"wpcf7-list-item first\"><label><span class=\"wpcf7-list-item-label\">Svatba<\/span><input type=\"radio\" name=\"radio-203\" value=\"Svatba\" checked=\"checked\" \/><\/label><\/span><span class=\"wpcf7-list-item\"><label><span class=\"wpcf7-list-item-label\">Ubytov\u00e1n\u00ed v Penzionu Na Star\u00e9 po\u0161t\u011b<\/span><input type=\"radio\" name=\"radio-203\" value=\"Ubytov\u00e1n\u00ed v Penzionu Na Star\u00e9 po\u0161t\u011b\" \/><\/label><\/span><span class=\"wpcf7-list-item last\"><label><span class=\"wpcf7-list-item-label\">Oslava narozenin a dal\u0161\u00ed akce<\/span><input type=\"radio\" name=\"radio-203\" value=\"Oslava narozenin a dal\u0161\u00ed akce\" \/><\/label><\/span><\/span><\/span><\/p>\n<p><label> Popi\u0161te n\u00e1m Va\u0161\u00ed p\u0159edstavu<br \/>\n<span class=\"wpcf7-form-control-wrap text-666\"><input type=\"text\" name=\"text-666\" value=\"\" size=\"40\" class=\"wpcf7-form-control wpcf7-text\" aria-invalid=\"false\" \/><\/span> <\/label><\/p>\n<p><label> Kde jste se o n\u00e1s dozv\u011bd\u011bli?<br \/>\n<\/label><br \/>\n<span class=\"wpcf7-form-control-wrap radio-204\"><span class=\"wpcf7-form-control wpcf7-radio s\" id=\"s\"><span class=\"wpcf7-list-item first\"><label><span class=\"wpcf7-list-item-label\">Webov\u00e9 vyhled\u00e1v\u00e1n\u00ed<\/span><input type=\"radio\" name=\"radio-204\" value=\"Webov\u00e9 vyhled\u00e1v\u00e1n\u00ed\" \/><\/label><\/span><span class=\"wpcf7-list-item\"><label><span class=\"wpcf7-list-item-label\">Soci\u00e1ln\u00ed s\u00edt\u011b<\/span><input type=\"radio\" name=\"radio-204\" value=\"Soci\u00e1ln\u00ed s\u00edt\u011b\" checked=\"checked\" \/><\/label><\/span><span class=\"wpcf7-list-item\"><label><span class=\"wpcf7-list-item-label\">Svatebn\u00ed port\u00e1l - Budeme Svoji<\/span><input type=\"radio\" name=\"radio-204\" value=\"Svatebn\u00ed port\u00e1l - Budeme Svoji\" \/><\/label><\/span><span class=\"wpcf7-list-item\"><label><span class=\"wpcf7-list-item-label\">Na doporu\u010den\u00ed<\/span><input type=\"radio\" name=\"radio-204\" value=\"Na doporu\u010den\u00ed\" \/><\/label><\/span><span class=\"wpcf7-list-item\"><label><span class=\"wpcf7-list-item-label\">P\u0159edchoz\u00ed \u00fa\u010dast na na\u0161ich akc\u00edch<\/span><input type=\"radio\" name=\"radio-204\" value=\"P\u0159edchoz\u00ed \u00fa\u010dast na na\u0161ich akc\u00edch\" \/><\/label><\/span><span class=\"wpcf7-list-item last\"><label><span class=\"wpcf7-list-item-label\">Dal\u0161\u00ed<\/span><input type=\"radio\" name=\"radio-204\" value=\"Dal\u0161\u00ed\" \/><\/label><\/span><\/span><\/span><\/p>\n<p><input type=\"submit\" value=\"Odeslat\" class=\"wpcf7-form-control has-spinner wpcf7-submit\" \/><\/p>\n<div class=\"wpcf7-response-output\" aria-hidden=\"true\"><\/div><\/form><\/div><\/div>\n\n\n\n<div class=\"wp-block-columns alignwide are-vertically-aligned-center is-style-twentytwentyone-columns-overlap is-layout-flex wp-container-core-columns-is-layout-9d6595d7 wp-block-columns-is-layout-flex\">\n<div class=\"wp-block-column is-vertically-aligned-center is-layout-flow wp-block-column-is-layout-flow\">\n<div style=\"height:100px\" aria-hidden=\"true\" class=\"wp-block-spacer\"><\/div>\n<\/div>\n\n\n\n<div class=\"wp-block-column is-vertically-aligned-center is-layout-flow wp-block-column-is-layout-flow\">\n<div style=\"height:100px\" aria-hidden=\"true\" class=\"wp-block-spacer\"><\/div>\n<\/div>\n<\/div>\n","protected":false},"excerpt":{"rendered":"","protected":false},"author":1,"featured_media":0,"parent":0,"menu_order":0,"comment_status":"closed","ping_status":"closed","template":"","meta":{"footnotes":""},"class_list":["post-13","page","type-page","status-publish","hentry"],"_links":{"self":[{"href":"https:\/\/svatbynastareposte.cz\/formular\/wp-json\/wp\/v2\/pages\/13","targetHints":{"allow":["GET"]}}],"collection":[{"href":"https:\/\/svatbynastareposte.cz\/formular\/wp-json\/wp\/v2\/pages"}],"about":[{"href":"https:\/\/svatbynastareposte.cz\/formular\/wp-json\/wp\/v2\/types\/page"}],"author":[{"embeddable":true,"href":"https:\/\/svatbynastareposte.cz\/formular\/wp-json\/wp\/v2\/users\/1"}],"replies":[{"embeddable":true,"href":"https:\/\/svatbynastareposte.cz\/formular\/wp-json\/wp\/v2\/comments?post=13"}],"version-history":[{"count":14,"href":"https:\/\/svatbynastareposte.cz\/formular\/wp-json\/wp\/v2\/pages\/13\/revisions"}],"predecessor-version":[{"id":75,"href":"https:\/\/svatbynastareposte.cz\/formular\/wp-json\/wp\/v2\/pages\/13\/revisions\/75"}],"wp:attachment":[{"href":"https:\/\/svatbynastareposte.cz\/formular\/wp-json\/wp\/v2\/media?parent=13"}],"curies":[{"name":"wp","href":"https:\/\/api.w.org\/{rel}","templated":true}]}}