{"id":15,"date":"2021-03-19T15:48:21","date_gmt":"2021-03-19T14:48:21","guid":{"rendered":"https:\/\/svatbynastareposte.cz\/formular\/?page_id=15"},"modified":"2021-03-19T15:48:21","modified_gmt":"2021-03-19T14:48:21","slug":"kontakt","status":"publish","type":"page","link":"https:\/\/svatbynastareposte.cz\/formular\/kontakt\/","title":{"rendered":"Kontakt"},"content":{"rendered":"\n<p>Tato str\u00e1nka obsahuje n\u011bkolik z\u00e1kladn\u00edch kontaktn\u00edch informac\u00ed, nap\u0159\u00edklad adresu a telefonn\u00ed \u010d\u00edslo. M\u016f\u017eete tak\u00e9 vyzkou\u0161et plugin pro p\u0159id\u00e1n\u00ed kontaktn\u00ed formul\u00e1\u0159e.<\/p>\n","protected":false},"excerpt":{"rendered":"<p>Tato str\u00e1nka obsahuje n\u011bkolik z\u00e1kladn\u00edch kontaktn\u00edch informac\u00ed, nap\u0159\u00edklad adresu a telefonn\u00ed \u010d\u00edslo. M\u016f\u017eete tak\u00e9 vyzkou\u0161et plugin pro p\u0159id\u00e1n\u00ed kontaktn\u00ed formul\u00e1\u0159e.<\/p>\n","protected":false},"author":1,"featured_media":0,"parent":0,"menu_order":0,"comment_status":"closed","ping_status":"closed","template":"","meta":{"footnotes":""},"class_list":["post-15","page","type-page","status-publish","hentry"],"_links":{"self":[{"href":"https:\/\/svatbynastareposte.cz\/formular\/wp-json\/wp\/v2\/pages\/15","targetHints":{"allow":["GET"]}}],"collection":[{"href":"https:\/\/svatbynastareposte.cz\/formular\/wp-json\/wp\/v2\/pages"}],"about":[{"href":"https:\/\/svatbynastareposte.cz\/formular\/wp-json\/wp\/v2\/types\/page"}],"author":[{"embeddable":true,"href":"https:\/\/svatbynastareposte.cz\/formular\/wp-json\/wp\/v2\/users\/1"}],"replies":[{"embeddable":true,"href":"https:\/\/svatbynastareposte.cz\/formular\/wp-json\/wp\/v2\/comments?post=15"}],"version-history":[{"count":1,"href":"https:\/\/svatbynastareposte.cz\/formular\/wp-json\/wp\/v2\/pages\/15\/revisions"}],"predecessor-version":[{"id":20,"href":"https:\/\/svatbynastareposte.cz\/formular\/wp-json\/wp\/v2\/pages\/15\/revisions\/20"}],"wp:attachment":[{"href":"https:\/\/svatbynastareposte.cz\/formular\/wp-json\/wp\/v2\/media?parent=15"}],"curies":[{"name":"wp","href":"https:\/\/api.w.org\/{rel}","templated":true}]}}